{"id":44,"date":"2018-04-25T09:00:35","date_gmt":"2018-04-25T09:00:35","guid":{"rendered":"http:\/\/192.168.120.102\/praxis-beinhorn\/?page_id=44"},"modified":"2021-01-12T07:14:50","modified_gmt":"2021-01-12T07:14:50","slug":"team","status":"publish","type":"page","link":"https:\/\/www.dr-beinhorn.de\/?page_id=44","title":{"rendered":"Team"},"content":{"rendered":"<p>In angenehmer Atmosph\u00e4re widmen wir uns Ihren Bed\u00fcrfnissen. Den Zahnarztbesuch wollen wir so angenehm wie m\u00f6glich gestalten, damit Sie sich mit einem L\u00e4cheln verabschieden k\u00f6nnen.<\/p>\n\n\n<p><\/p>\n","protected":false},"excerpt":{"rendered":"<p>In angenehmer Atmosph\u00e4re widmen wir uns Ihren Bed\u00fcrfnissen. Den Zahnarztbesuch wollen wir so angenehm wie m\u00f6glich gestalten, damit Sie sich mit einem L\u00e4cheln verabschieden k\u00f6nnen.<\/p>\n","protected":false},"author":2,"featured_media":0,"parent":0,"menu_order":0,"comment_status":"closed","ping_status":"closed","template":"page-templates\/team-page.php","meta":{"spay_email":""},"_links":{"self":[{"href":"https:\/\/www.dr-beinhorn.de\/index.php?rest_route=\/wp\/v2\/pages\/44"}],"collection":[{"href":"https:\/\/www.dr-beinhorn.de\/index.php?rest_route=\/wp\/v2\/pages"}],"about":[{"href":"https:\/\/www.dr-beinhorn.de\/index.php?rest_route=\/wp\/v2\/types\/page"}],"author":[{"embeddable":true,"href":"https:\/\/www.dr-beinhorn.de\/index.php?rest_route=\/wp\/v2\/users\/2"}],"replies":[{"embeddable":true,"href":"https:\/\/www.dr-beinhorn.de\/index.php?rest_route=%2Fwp%2Fv2%2Fcomments&post=44"}],"version-history":[{"count":7,"href":"https:\/\/www.dr-beinhorn.de\/index.php?rest_route=\/wp\/v2\/pages\/44\/revisions"}],"predecessor-version":[{"id":274,"href":"https:\/\/www.dr-beinhorn.de\/index.php?rest_route=\/wp\/v2\/pages\/44\/revisions\/274"}],"wp:attachment":[{"href":"https:\/\/www.dr-beinhorn.de\/index.php?rest_route=%2Fwp%2Fv2%2Fmedia&parent=44"}],"curies":[{"name":"wp","href":"https:\/\/api.w.org\/{rel}","templated":true}]}}