{"id":131,"date":"2020-11-17T15:02:43","date_gmt":"2020-11-17T15:02:43","guid":{"rendered":"http:\/\/www.dr-beinhorn.de\/?page_id=131"},"modified":"2025-12-19T09:19:13","modified_gmt":"2025-12-19T08:19:13","slug":"impressum","status":"publish","type":"page","link":"https:\/\/www.dr-beinhorn.de\/?page_id=131","title":{"rendered":"Impressum"},"content":{"rendered":"\n<p><strong>Angaben gem\u00e4\u00df \u00a7 5 TMG:<\/strong><br><strong>Zahnarztpraxis <\/strong><br>Dr. med. dent. Katja Beinhorn<\/p>\n\n\n\n<p>Frau Dr. med. dent. Katja Beinhorn ist Zahn\u00e4rztin,<br>approbiert nach dem Recht der Bundesrepublik Deutschland.<\/p>\n\n\n\n<p>Bahnhofsallee 34a<br>99098 Erfurt OT Vieselbach<\/p>\n\n\n\n<p>Telefon: 03 62 03 \/ 9 03 26<\/p>\n\n\n\n<p><strong>Zust\u00e4ndige Approbationsbeh\u00f6rde:<\/strong><br>Th\u00fcringer Landesverwaltungsamt<br>Jorge-Sempr\u00fan-Platz 4, 99423 Weimar<\/p>\n\n\n\n<p><strong>Zust\u00e4ndige Zahn\u00e4rztekammer:<\/strong><br>Landeszahn\u00e4rztekammer Th\u00fcringen K.d.\u00f6.R.<br>Barbarossahof 16, 99092 Erfurt<\/p>\n\n\n\n<p><strong>Zust\u00e4ndige Kassenzahn\u00e4rztliche Vereinigung:<\/strong><br>Kassenzahn\u00e4rztliche Vereinigung Th\u00fcringen K.d.\u00f6.R.<br>Theo-Neubauer-Stra\u00dfe 14, 99085 Erfurt<\/p>\n\n\n\n<p>Es gelten folgende berufsrechtliche Regelungen:<\/p>\n\n\n\n<ul><li>Gesetz \u00fcber die Aus\u00fcbung der Zahnheilkunde (Zahnheilkundegesetz &#8211; ZHG)<\/li><li>Th\u00fcringer Heilberufegesetz (Th\u00fcrHeilBG)<\/li><li>Geb\u00fchrenordnung f\u00fcr Zahn\u00e4rzte (GOZ)<\/li><li>Berufsordnung f\u00fcr Th\u00fcringer Zahn\u00e4rzte<br>Die Regelungen sind einsehbar auf der Webseite der<br>Landeszahn\u00e4rztekammer Th\u00fcringen: www.lzkth.de\/de\/gesetze<\/li><\/ul>\n\n\n\n<p><br><strong>Bildquellennachweise<\/strong><br>Das Layout der Website, die verwendeten Grafiken sowie die sonstigen Inhalte sind urheberrechtlich gesch\u00fctzt. Eine Vervielf\u00e4ltigung oder Verwendung der Texte und Grafiken in anderen elektronischen oder gedruckten Publikationen ist ohne ausdr\u00fcckliche Zustimmung nicht gestattet.<\/p>\n\n\n\n<p>Nachfolgend eine Auflistung der Urheber verwendeter Bilder von istockphoto.com:<\/p>\n\n\n\n<ul><li>https:\/\/www.istockphoto.com\/de\/portfolio\/alex-mit<\/li><li>https:\/\/www.istockphoto.com\/de\/portfolio\/triocean<\/li><li>https:\/\/www.istockphoto.com\/de\/portfolio\/vlada_maestro_pavicevic<\/li><li>https:\/\/www.istockphoto.com\/de\/portfolio\/viperagp<\/li><li>https:\/\/www.istockphoto.com\/de\/portfolio\/mbz-photodesign<\/li><li>https:\/\/www.istockphoto.com\/de\/portfolio\/Phoenixns<\/li><li>https:\/\/www.istockphoto.com\/de\/portfolio\/scyther5<\/li><\/ul>\n","protected":false},"excerpt":{"rendered":"<p>Angaben gem\u00e4\u00df \u00a7 5 TMG:Zahnarztpraxis Dr. med. dent. Katja Beinhorn Frau Dr. med. dent. Katja Beinhorn ist Zahn\u00e4rztin,approbiert nach dem Recht der Bundesrepublik Deutschland. Bahnhofsallee 34a99098 Erfurt OT Vieselbach Telefon: 03 62 03 \/ 9 03 26 Zust\u00e4ndige Approbationsbeh\u00f6rde:Th\u00fcringer LandesverwaltungsamtJorge-Sempr\u00fan-Platz 4, 99423 Weimar Zust\u00e4ndige Zahn\u00e4rztekammer:Landeszahn\u00e4rztekammer Th\u00fcringen K.d.\u00f6.R.Barbarossahof 16, 99092 Erfurt Zust\u00e4ndige Kassenzahn\u00e4rztliche Vereinigung:Kassenzahn\u00e4rztliche Vereinigung Th\u00fcringen K.d.\u00f6.R.Theo-Neubauer-Stra\u00dfe 14, 99085 Erfurt Es gelten folgende berufsrechtliche Regelungen: Gesetz \u00fcber die Aus\u00fcbung der Zahnheilkunde&hellip;<\/p>\n","protected":false},"author":2,"featured_media":0,"parent":0,"menu_order":98,"comment_status":"closed","ping_status":"closed","template":"","meta":{"spay_email":""},"_links":{"self":[{"href":"https:\/\/www.dr-beinhorn.de\/index.php?rest_route=\/wp\/v2\/pages\/131"}],"collection":[{"href":"https:\/\/www.dr-beinhorn.de\/index.php?rest_route=\/wp\/v2\/pages"}],"about":[{"href":"https:\/\/www.dr-beinhorn.de\/index.php?rest_route=\/wp\/v2\/types\/page"}],"author":[{"embeddable":true,"href":"https:\/\/www.dr-beinhorn.de\/index.php?rest_route=\/wp\/v2\/users\/2"}],"replies":[{"embeddable":true,"href":"https:\/\/www.dr-beinhorn.de\/index.php?rest_route=%2Fwp%2Fv2%2Fcomments&post=131"}],"version-history":[{"count":8,"href":"https:\/\/www.dr-beinhorn.de\/index.php?rest_route=\/wp\/v2\/pages\/131\/revisions"}],"predecessor-version":[{"id":380,"href":"https:\/\/www.dr-beinhorn.de\/index.php?rest_route=\/wp\/v2\/pages\/131\/revisions\/380"}],"wp:attachment":[{"href":"https:\/\/www.dr-beinhorn.de\/index.php?rest_route=%2Fwp%2Fv2%2Fmedia&parent=131"}],"curies":[{"name":"wp","href":"https:\/\/api.w.org\/{rel}","templated":true}]}}